{"id":4801,"date":"2026-01-23T14:00:26","date_gmt":"2026-01-23T13:00:26","guid":{"rendered":"https:\/\/vidima.it\/noticias\/"},"modified":"2026-03-27T12:34:55","modified_gmt":"2026-03-27T11:34:55","slug":"noticias","status":"publish","type":"page","link":"https:\/\/vidima.it\/es\/noticias\/","title":{"rendered":"Noticias"},"content":{"rendered":"<p>[et_pb_section fb_built=\u00bb1&#8243; admin_label=\u00bbSezione\u00bb _builder_version=\u00bb4.16&#8243; background_color=\u00bbrgba(0,0,0,0)\u00bb width=\u00bb100%\u00bb max_width=\u00bb100%\u00bb custom_margin=\u00bb0px||||false|false\u00bb custom_padding=\u00bb0px||||false|false\u00bb locked=\u00bboff\u00bb global_colors_info=\u00bb{}\u00bb][et_pb_row _builder_version=\u00bb4.16&#8243; width=\u00bb100%\u00bb max_width=\u00bb2560px\u00bb custom_padding=\u00bb0px||2px||false|false\u00bb global_colors_info=\u00bb{}\u00bb][et_pb_column type=\u00bb4_4&#8243; _builder_version=\u00bb4.16&#8243; global_colors_info=\u00bb{}\u00bb][et_pb_image src=\u00bbhttps:\/\/vidima.it\/wp-content\/uploads\/2026\/01\/vidima_news_banner-1.png\u00bb alt=\u00bbBanner de Vidima News\u00bb title_text=\u00bbBanner de Vidima News\u00bb align=\u00bbcenter\u00bb force_fullwidth=\u00bbon\u00bb _builder_version=\u00bb4.16&#8243; custom_margin=\u00bb||1px|||\u00bb global_colors_info=\u00bb{}\u00bb][\/et_pb_image][\/et_pb_column][\/et_pb_row][et_pb_row custom_padding_last_edited=\u00bbon|desktop\u00bb _builder_version=\u00bb4.16&#8243; width_tablet=\u00bb85%\u00bb width_phone=\u00bb85%\u00bb width_last_edited=\u00bbon|tablet\u00bb max_width=\u00bb1300px\u00bb custom_margin=\u00bb||||false|false\u00bb custom_padding=\u00bb35px||35px||false|false\u00bb custom_padding_tablet=\u00bb||0px||false|false\u00bb custom_padding_phone=\u00bb||5px||false|false\u00bb global_colors_info=\u00bb{}\u00bb][et_pb_column type=\u00bb4_4&#8243; _builder_version=\u00bb4.16&#8243; global_colors_info=\u00bb{}\u00bb][et_pb_text _builder_version=\u00bb4.16&#8243; _module_preset=\u00bbdefault\u00bb header_font=\u00bbBebas Neue||||||||\u00bb header_text_align=\u00bbcenter\u00bb header_font_size=\u00bb54px\u00bb header_text_align_tablet=\u00bbcenter\u00bb header_text_align_last_edited=\u00bboff|desktop\u00bb locked=\u00bboff\u00bb global_colors_info=\u00bb{}\u00bb]<\/p>\n<h1>Vidima: descubre nuestras \u00faltimas noticias<\/h1>\n<p>[\/et_pb_text][\/et_pb_column][\/et_pb_row][et_pb_row custom_padding_last_edited=\u00bbon|desktop\u00bb _builder_version=\u00bb4.16&#8243; width_tablet=\u00bb85%\u00bb width_phone=\u00bb85%\u00bb width_last_edited=\u00bbon|tablet\u00bb max_width=\u00bb1300px\u00bb custom_margin=\u00bb||||false|false\u00bb custom_padding=\u00bb35px||35px||false|false\u00bb custom_padding_tablet=\u00bb||0px||false|false\u00bb custom_padding_phone=\u00bb||5px||false|false\u00bb global_colors_info=\u00bb{}\u00bb][et_pb_column type=\u00bb4_4&#8243; _builder_version=\u00bb4.16&#8243; global_colors_info=\u00bb{}\u00bb][et_pb_blog fullwidth=\u00bboff\u00bb include_categories=\u00bb64,all\u00bb show_more=\u00bbon\u00bb show_author=\u00bboff\u00bb show_categories=\u00bboff\u00bb _builder_version=\u00bb4.27.6&#8243; _module_preset=\u00bbdefault\u00bb hover_enabled=\u00bb0&#8243; global_colors_info=\u00bb{}\u00bb sticky_enabled=\u00bb0&#8243;][\/et_pb_blog][\/et_pb_column][\/et_pb_row][\/et_pb_section][et_pb_section fb_built=\u00bb1&#8243; custom_padding_last_edited=\u00bbon|phone\u00bb admin_label=\u00bbSezione\u00bb _builder_version=\u00bb4.16&#8243; background_color=\u00bbrgba(0,0,0,0)\u00bb background_color_gradient_direction=\u00bb91deg\u00bb background_image=\u00bbhttps:\/\/vidima.it\/wp-content\/uploads\/2020\/10\/vidima-background-ufficio-tecnico.png\u00bb background_position=\u00bbtop_center\u00bb background_blend=\u00bboverlay\u00bb custom_margin=\u00bb-9px||||false|false\u00bb custom_padding=\u00bb65px||0px||false|false\u00bb custom_padding_tablet=\u00bb\u00bb custom_padding_phone=\u00bb80px||0px||false|false\u00bb top_divider_color=\u00bb#ffffff\u00bb top_divider_flip=\u00bbvertical\u00bb top_divider_height_tablet=\u00bb\u00bb top_divider_height_phone=\u00bb65px\u00bb top_divider_height_last_edited=\u00bbon|phone\u00bb bottom_divider_color=\u00bb#ffffff\u00bb bottom_divider_flip=\u00bbhorizontal\u00bb saved_tabs=\u00bball\u00bb locked=\u00bboff\u00bb global_colors_info=\u00bb{}\u00bb][et_pb_row column_structure=\u00bb1_2,1_2&#8243; custom_padding_last_edited=\u00bbon|phone\u00bb _builder_version=\u00bb4.16&#8243; custom_padding=\u00bb162px||0px||false|false\u00bb custom_padding_tablet=\u00bb\u00bb custom_padding_phone=\u00bb50px||0px||false|false\u00bb global_colors_info=\u00bb{}\u00bb][et_pb_column type=\u00bb1_2&#8243; _builder_version=\u00bb4.16&#8243; global_colors_info=\u00bb{}\u00bb][et_pb_text _builder_version=\u00bb4.16&#8243; text_font=\u00bbRoboto|300|||||||\u00bb text_line_height=\u00bb1.8em\u00bb header_2_font=\u00bbBebas Neue||||||||\u00bb header_2_text_align=\u00bbcenter\u00bb header_2_text_color=\u00bb#ffffff\u00bb header_2_font_size=\u00bb50px\u00bb header_3_font=\u00bbBebas Neue||||||||\u00bb header_3_text_align=\u00bbcenter\u00bb header_3_text_color=\u00bb#ffffff\u00bb header_3_font_size=\u00bb50px\u00bb header_3_line_height=\u00bb1.2em\u00bb header_5_text_align=\u00bbleft\u00bb header_5_text_color=\u00bb#ffffff\u00bb header_5_font_size=\u00bb55px\u00bb text_orientation=\u00bbcenter\u00bb custom_margin=\u00bb||0px||false|false\u00bb custom_padding=\u00bb||0px||false|false\u00bb text_font_size_tablet=\u00bb17px\u00bb text_font_size_phone=\u00bb14px\u00bb text_font_size_last_edited=\u00bbon|phone\u00bb header_2_font_size_tablet=\u00bb\u00bb header_2_font_size_phone=\u00bb40px\u00bb header_2_font_size_last_edited=\u00bbon|desktop\u00bb header_3_font_tablet=\u00bbHeebo|700|||||||\u00bb header_3_font_phone=\u00bb\u00bb header_3_font_last_edited=\u00bbon|phone\u00bb header_3_font_size_tablet=\u00bb24px\u00bb header_3_font_size_phone=\u00bb18px\u00bb header_3_font_size_last_edited=\u00bbon|phone\u00bb header_5_text_align_tablet=\u00bbcenter\u00bb header_5_text_align_phone=\u00bb\u00bb header_5_text_align_last_edited=\u00bbon|tablet\u00bb locked=\u00bboff\u00bb global_colors_info=\u00bb{}\u00bb]<\/p>\n<h5>tu producto a medida<\/h5>\n<p>[\/et_pb_text][\/et_pb_column][et_pb_column type=\u00bb1_2&#8243; _builder_version=\u00bb4.16&#8243; global_colors_info=\u00bb{}\u00bb][et_pb_text _builder_version=\u00bb4.16&#8243; text_font=\u00bbRoboto||||||||\u00bb text_text_color=\u00bb#ffffff\u00bb background_layout=\u00bbdark\u00bb text_orientation_tablet=\u00bbcenter\u00bb text_orientation_phone=\u00bb\u00bb text_orientation_last_edited=\u00bbon|tablet\u00bb global_colors_info=\u00bb{}\u00bb]<\/p>\n<p>Gracias a su flexibilidad, <strong>ViDiMa<\/strong> es capaz de producir <strong>lotes<\/strong> grandes y peque\u00f1os a medida, seg\u00fan los requisitos espec\u00edficos del cliente.<\/p>\n<p><\/p>\n<p>Nuestro <strong>departamento t\u00e9cnico<\/strong> supervisa todo el proceso y asesora al cliente desde la fase de dise\u00f1o hasta la elecci\u00f3n de las mejores soluciones t\u00e9cnicas.<\/p>\n<p>[\/et_pb_text][\/et_pb_column][\/et_pb_row][et_pb_row custom_padding_last_edited=\u00bbon|phone\u00bb _builder_version=\u00bb4.16&#8243; custom_margin=\u00bb0px||||false|false\u00bb custom_padding=\u00bb0px||31px||false|false\u00bb custom_padding_tablet=\u00bb\u00bb custom_padding_phone=\u00bb0px||10px||false|false\u00bb global_colors_info=\u00bb{}\u00bb][et_pb_column type=\u00bb4_4&#8243; _builder_version=\u00bb4.16&#8243; global_colors_info=\u00bb{}\u00bb][et_pb_button button_url=\u00bb@ET-DC@eyJkeW5hbWljIjp0cnVlLCJjb250ZW50IjoicG9zdF9saW5rX3VybF9wYWdlIiwic2V0dGluZ3MiOnsicG9zdF9pZCI6IjQwMyJ9fQ==@\u00bb button_text=\u00bbPonte en contacto con el departamento de dise\u00f1o\u00bb button_alignment=\u00bbleft\u00bb button_alignment_tablet=\u00bbcenter\u00bb button_alignment_phone=\u00bb\u00bb button_alignment_last_edited=\u00bbon|tablet\u00bb _builder_version=\u00bb4.16&#8243; _dynamic_attributes=\u00bbbutton_url\u00bb custom_button=\u00bbon\u00bb button_text_color=\u00bb#fff\u00bb button_bg_color=\u00bbrgba(0,0,0,0)\u00bb button_bg_color_gradient_direction=\u00bb156deg\u00bb button_bg_color_gradient_stops=\u00bb#2b87da 17%|#29c4a9 100%\u00bb button_bg_color_gradient_start_position=\u00bb17%\u00bb button_border_width=\u00bb0px\u00bb button_border_radius=\u00bb100px\u00bb button_icon=\u00bb&#x24;||divi||400&#8243; button_icon_color=\u00bb#ffffff\u00bb button_on_hover=\u00bboff\u00bb background_layout=\u00bbdark\u00bb custom_margin=\u00bb20px||0px|0px|false|false\u00bb custom_padding=\u00bb|||0px|false|false\u00bb custom_css_main_element=\u00bb||\u00bb global_colors_info=\u00bb{}\u00bb][\/et_pb_button][et_pb_divider color=\u00bb#ffffff\u00bb divider_weight=\u00bb3px\u00bb _builder_version=\u00bb4.16&#8243; width=\u00bb25%\u00bb width_tablet=\u00bb45%\u00bb width_phone=\u00bb73%\u00bb width_last_edited=\u00bbon|desktop\u00bb max_width=\u00bb70%\u00bb max_width_tablet=\u00bb45%\u00bb max_width_phone=\u00bb73%\u00bb max_width_last_edited=\u00bbon|tablet\u00bb module_alignment=\u00bbleft\u00bb module_alignment_tablet=\u00bbcenter\u00bb module_alignment_phone=\u00bbcenter\u00bb module_alignment_last_edited=\u00bbon|tablet\u00bb global_colors_info=\u00bb{}\u00bb][\/et_pb_divider][\/et_pb_column][\/et_pb_row][\/et_pb_section]<\/p>\n","protected":false},"excerpt":{"rendered":"<p>Vidima: descubre nuestras \u00faltimas noticiastu producto a medidaGracias a su flexibilidad, ViDiMa es capaz de producir lotes grandes y peque\u00f1os a medida, seg\u00fan los requisitos espec\u00edficos del cliente.Nuestro departamento t\u00e9cnico supervisa todo el proceso y asesora al cliente desde la fase de dise\u00f1o hasta la elecci\u00f3n de las mejores soluciones t\u00e9cnicas.<\/p>\n","protected":false},"author":3,"featured_media":0,"parent":0,"menu_order":0,"comment_status":"closed","ping_status":"closed","template":"","meta":{"_acf_changed":false,"_et_pb_use_builder":"on","_et_pb_old_content":"","_et_gb_content_width":"","footnotes":""},"class_list":["post-4801","page","type-page","status-publish","hentry"],"acf":[],"yoast_head":"<!-- This site is optimized with the Yoast SEO plugin v27.3 - https:\/\/yoast.com\/product\/yoast-seo-wordpress\/ -->\n<title>Noticias | Vidima Srl<\/title>\n<meta name=\"robots\" content=\"index, follow, max-snippet:-1, max-image-preview:large, max-video-preview:-1\" \/>\n<link rel=\"canonical\" href=\"https:\/\/vidima.it\/en\/news\/\" \/>\n<meta property=\"og:locale\" content=\"es_ES\" \/>\n<meta property=\"og:type\" content=\"article\" \/>\n<meta property=\"og:title\" content=\"Noticias | Vidima Srl\" \/>\n<meta property=\"og:description\" content=\"Vidima: descubre nuestras \u00faltimas noticiastu producto a medidaGracias a su flexibilidad, ViDiMa es capaz de producir lotes grandes y peque\u00f1os a medida, seg\u00fan los requisitos espec\u00edficos del cliente.Nuestro departamento t\u00e9cnico supervisa todo el proceso y asesora al cliente desde la fase de dise\u00f1o hasta la elecci\u00f3n de las mejores soluciones t\u00e9cnicas.\" \/>\n<meta property=\"og:url\" content=\"https:\/\/vidima.it\/en\/news\/\" \/>\n<meta property=\"og:site_name\" content=\"Vidima Srl\" \/>\n<meta property=\"article:modified_time\" content=\"2026-03-27T11:34:55+00:00\" \/>\n<meta name=\"twitter:card\" content=\"summary_large_image\" \/>\n<meta name=\"twitter:label1\" content=\"Tiempo de lectura\" \/>\n\t<meta name=\"twitter:data1\" content=\"5 minutos\" \/>\n<script type=\"application\/ld+json\" class=\"yoast-schema-graph\">{\"@context\":\"https:\\\/\\\/schema.org\",\"@graph\":[{\"@type\":\"WebPage\",\"@id\":\"https:\\\/\\\/vidima.it\\\/en\\\/news\\\/\",\"url\":\"https:\\\/\\\/vidima.it\\\/en\\\/news\\\/\",\"name\":\"Noticias | Vidima Srl\",\"isPartOf\":{\"@id\":\"https:\\\/\\\/vidima.it\\\/#website\"},\"datePublished\":\"2026-01-23T13:00:26+00:00\",\"dateModified\":\"2026-03-27T11:34:55+00:00\",\"breadcrumb\":{\"@id\":\"https:\\\/\\\/vidima.it\\\/en\\\/news\\\/#breadcrumb\"},\"inLanguage\":\"es\",\"potentialAction\":[{\"@type\":\"ReadAction\",\"target\":[\"https:\\\/\\\/vidima.it\\\/en\\\/news\\\/\"]}]},{\"@type\":\"BreadcrumbList\",\"@id\":\"https:\\\/\\\/vidima.it\\\/en\\\/news\\\/#breadcrumb\",\"itemListElement\":[{\"@type\":\"ListItem\",\"position\":1,\"name\":\"Home\",\"item\":\"https:\\\/\\\/vidima.it\\\/\"},{\"@type\":\"ListItem\",\"position\":2,\"name\":\"Noticias\"}]},{\"@type\":\"WebSite\",\"@id\":\"https:\\\/\\\/vidima.it\\\/#website\",\"url\":\"https:\\\/\\\/vidima.it\\\/\",\"name\":\"Vidima Srl\",\"description\":\"Beyond the wire\",\"publisher\":{\"@id\":\"https:\\\/\\\/vidima.it\\\/#organization\"},\"potentialAction\":[{\"@type\":\"SearchAction\",\"target\":{\"@type\":\"EntryPoint\",\"urlTemplate\":\"https:\\\/\\\/vidima.it\\\/?s={search_term_string}\"},\"query-input\":{\"@type\":\"PropertyValueSpecification\",\"valueRequired\":true,\"valueName\":\"search_term_string\"}}],\"inLanguage\":\"es\"},{\"@type\":\"Organization\",\"@id\":\"https:\\\/\\\/vidima.it\\\/#organization\",\"name\":\"Vidima Srl\",\"url\":\"https:\\\/\\\/vidima.it\\\/\",\"logo\":{\"@type\":\"ImageObject\",\"inLanguage\":\"es\",\"@id\":\"https:\\\/\\\/vidima.it\\\/#\\\/schema\\\/logo\\\/image\\\/\",\"url\":\"https:\\\/\\\/vidima.it\\\/wp-content\\\/uploads\\\/2020\\\/04\\\/vidima-logo-def.png\",\"contentUrl\":\"https:\\\/\\\/vidima.it\\\/wp-content\\\/uploads\\\/2020\\\/04\\\/vidima-logo-def.png\",\"width\":294,\"height\":100,\"caption\":\"Vidima Srl\"},\"image\":{\"@id\":\"https:\\\/\\\/vidima.it\\\/#\\\/schema\\\/logo\\\/image\\\/\"}}]}<\/script>\n<!-- \/ Yoast SEO plugin. -->","yoast_head_json":{"title":"Noticias | Vidima Srl","robots":{"index":"index","follow":"follow","max-snippet":"max-snippet:-1","max-image-preview":"max-image-preview:large","max-video-preview":"max-video-preview:-1"},"canonical":"https:\/\/vidima.it\/en\/news\/","og_locale":"es_ES","og_type":"article","og_title":"Noticias | Vidima Srl","og_description":"Vidima: descubre nuestras \u00faltimas noticiastu producto a medidaGracias a su flexibilidad, ViDiMa es capaz de producir lotes grandes y peque\u00f1os a medida, seg\u00fan los requisitos espec\u00edficos del cliente.Nuestro departamento t\u00e9cnico supervisa todo el proceso y asesora al cliente desde la fase de dise\u00f1o hasta la elecci\u00f3n de las mejores soluciones t\u00e9cnicas.","og_url":"https:\/\/vidima.it\/en\/news\/","og_site_name":"Vidima Srl","article_modified_time":"2026-03-27T11:34:55+00:00","twitter_card":"summary_large_image","twitter_misc":{"Tiempo de lectura":"5 minutos"},"schema":{"@context":"https:\/\/schema.org","@graph":[{"@type":"WebPage","@id":"https:\/\/vidima.it\/en\/news\/","url":"https:\/\/vidima.it\/en\/news\/","name":"Noticias | Vidima Srl","isPartOf":{"@id":"https:\/\/vidima.it\/#website"},"datePublished":"2026-01-23T13:00:26+00:00","dateModified":"2026-03-27T11:34:55+00:00","breadcrumb":{"@id":"https:\/\/vidima.it\/en\/news\/#breadcrumb"},"inLanguage":"es","potentialAction":[{"@type":"ReadAction","target":["https:\/\/vidima.it\/en\/news\/"]}]},{"@type":"BreadcrumbList","@id":"https:\/\/vidima.it\/en\/news\/#breadcrumb","itemListElement":[{"@type":"ListItem","position":1,"name":"Home","item":"https:\/\/vidima.it\/"},{"@type":"ListItem","position":2,"name":"Noticias"}]},{"@type":"WebSite","@id":"https:\/\/vidima.it\/#website","url":"https:\/\/vidima.it\/","name":"Vidima Srl","description":"Beyond the wire","publisher":{"@id":"https:\/\/vidima.it\/#organization"},"potentialAction":[{"@type":"SearchAction","target":{"@type":"EntryPoint","urlTemplate":"https:\/\/vidima.it\/?s={search_term_string}"},"query-input":{"@type":"PropertyValueSpecification","valueRequired":true,"valueName":"search_term_string"}}],"inLanguage":"es"},{"@type":"Organization","@id":"https:\/\/vidima.it\/#organization","name":"Vidima Srl","url":"https:\/\/vidima.it\/","logo":{"@type":"ImageObject","inLanguage":"es","@id":"https:\/\/vidima.it\/#\/schema\/logo\/image\/","url":"https:\/\/vidima.it\/wp-content\/uploads\/2020\/04\/vidima-logo-def.png","contentUrl":"https:\/\/vidima.it\/wp-content\/uploads\/2020\/04\/vidima-logo-def.png","width":294,"height":100,"caption":"Vidima Srl"},"image":{"@id":"https:\/\/vidima.it\/#\/schema\/logo\/image\/"}}]}},"_links":{"self":[{"href":"https:\/\/vidima.it\/es\/wp-json\/wp\/v2\/pages\/4801","targetHints":{"allow":["GET"]}}],"collection":[{"href":"https:\/\/vidima.it\/es\/wp-json\/wp\/v2\/pages"}],"about":[{"href":"https:\/\/vidima.it\/es\/wp-json\/wp\/v2\/types\/page"}],"author":[{"embeddable":true,"href":"https:\/\/vidima.it\/es\/wp-json\/wp\/v2\/users\/3"}],"replies":[{"embeddable":true,"href":"https:\/\/vidima.it\/es\/wp-json\/wp\/v2\/comments?post=4801"}],"version-history":[{"count":4,"href":"https:\/\/vidima.it\/es\/wp-json\/wp\/v2\/pages\/4801\/revisions"}],"predecessor-version":[{"id":5149,"href":"https:\/\/vidima.it\/es\/wp-json\/wp\/v2\/pages\/4801\/revisions\/5149"}],"wp:attachment":[{"href":"https:\/\/vidima.it\/es\/wp-json\/wp\/v2\/media?parent=4801"}],"curies":[{"name":"wp","href":"https:\/\/api.w.org\/{rel}","templated":true}]}}